{"id":7626,"date":"2023-04-13T12:48:00","date_gmt":"2023-04-13T05:48:00","guid":{"rendered":"https:\/\/ntdecor.vn\/nha-xuong\/"},"modified":"2024-05-25T12:22:55","modified_gmt":"2024-05-25T05:22:55","slug":"nha-xuong","status":"publish","type":"page","link":"https:\/\/ntdecor.vn\/vi\/nha-xuong\/","title":{"rendered":"Nh\u00e0 x\u01b0\u1edfng"},"content":{"rendered":"<div class=\"wpb-content-wrapper\"><p>[vc_row full_width=&#8221;stretch_row&#8221; equal_height=&#8221;yes&#8221; woodmart_stretch_content=&#8221;section-stretch-content&#8221; woodmart_css_id=&#8221;64379674a9699&#8243; responsive_spacing=&#8221;eyJwYXJhbV90eXBlIjoid29vZG1hcnRfcmVzcG9uc2l2ZV9zcGFjaW5nIiwic2VsZWN0b3JfaWQiOiI2NDM3OTY3NGE5Njk5Iiwic2hvcnRjb2RlIjoidmNfcm93IiwiZGF0YSI6eyJ0YWJsZXQiOnt9LCJtb2JpbGUiOnt9fX0=&#8221; mobile_bg_img_hidden=&#8221;no&#8221; tablet_bg_img_hidden=&#8221;no&#8221; woodmart_parallax=&#8221;0&#8243; woodmart_gradient_switch=&#8221;no&#8221; row_reverse_mobile=&#8221;0&#8243; row_reverse_tablet=&#8221;0&#8243; woodmart_disable_overflow=&#8221;0&#8243; woodmart_box_shadow=&#8221;no&#8221; wd_z_index=&#8221;no&#8221;][vc_column css=&#8221;.vc_custom_1681364287515{padding-top: 185px !important;padding-bottom: 185px !important;background-image: url(https:\/\/ntdecor.vn\/wp-content\/uploads\/2023\/04\/1-NTDecor-Factory.jpg?id=7614) !important;background-position: center !important;background-repeat: no-repeat !important;background-size: cover !important;}&#8221; offset=&#8221;vc_col-lg-7 vc_col-md-7 vc_col-xs-12&#8243; woodmart_css_id=&#8221;643795242eaee&#8221; responsive_spacing=&#8221;eyJwYXJhbV90eXBlIjoid29vZG1hcnRfcmVzcG9uc2l2ZV9zcGFjaW5nIiwic2VsZWN0b3JfaWQiOiI2NDM3OTUyNDJlYWVlIiwic2hvcnRjb2RlIjoidmNfY29sdW1uIiwiZGF0YSI6eyJ0YWJsZXQiOnt9LCJtb2JpbGUiOnt9fX0=&#8221; parallax_scroll=&#8221;no&#8221; mobile_bg_img_hidden=&#8221;no&#8221; tablet_bg_img_hidden=&#8221;no&#8221; woodmart_parallax=&#8221;0&#8243; woodmart_sticky_column=&#8221;false&#8221; mobile_reset_margin=&#8221;no&#8221; tablet_reset_margin=&#8221;no&#8221; wd_collapsible_content_switcher=&#8221;no&#8221; wd_column_role_offcanvas_desktop=&#8221;no&#8221; wd_column_role_offcanvas_tablet=&#8221;no&#8221; wd_column_role_offcanvas_mobile=&#8221;no&#8221; wd_column_role_content_desktop=&#8221;no&#8221; wd_column_role_content_tablet=&#8221;no&#8221; wd_column_role_content_mobile=&#8221;no&#8221; woodmart_box_shadow=&#8221;no&#8221; wd_z_index=&#8221;no&#8221;][\/vc_column][vc_column width=&#8221;5\/12&#8243; css=&#8221;.vc_custom_1681364311823{padding-top: 70px !important;padding-right: 10% !important;padding-bottom: 60px !important;padding-left: 10% !important;}&#8221; offset=&#8221;vc_col-lg-5 vc_col-md-5 vc_col-xs-12&#8243; woodmart_css_id=&#8221;6437954d4d044&#8243; responsive_spacing=&#8221;eyJwYXJhbV90eXBlIjoid29vZG1hcnRfcmVzcG9uc2l2ZV9zcGFjaW5nIiwic2VsZWN0b3JfaWQiOiI2NDM3OTU0ZDRkMDQ0Iiwic2hvcnRjb2RlIjoidmNfY29sdW1uIiwiZGF0YSI6eyJ0YWJsZXQiOnt9LCJtb2JpbGUiOnsicGFkZGluZy10b3AiOiI0MHB4IiwicGFkZGluZy1ib3R0b20iOiIzMHB4In19fQ==&#8221; parallax_scroll=&#8221;no&#8221; mobile_bg_img_hidden=&#8221;no&#8221; tablet_bg_img_hidden=&#8221;no&#8221; woodmart_parallax=&#8221;0&#8243; woodmart_sticky_column=&#8221;false&#8221; mobile_reset_margin=&#8221;no&#8221; tablet_reset_margin=&#8221;no&#8221; wd_collapsible_content_switcher=&#8221;no&#8221; wd_column_role_offcanvas_desktop=&#8221;no&#8221; wd_column_role_offcanvas_tablet=&#8221;no&#8221; wd_column_role_offcanvas_mobile=&#8221;no&#8221; wd_column_role_content_desktop=&#8221;no&#8221; wd_column_role_content_tablet=&#8221;no&#8221; wd_column_role_content_mobile=&#8221;no&#8221; woodmart_box_shadow=&#8221;no&#8221; wd_z_index=&#8221;no&#8221;]\n\t\t<div id=\"wd-6437959772e7e\" class=\"title-wrapper wd-wpb wd-set-mb reset-last-child  wd-rs-6437959772e7e wd-title-color-default wd-title-style-default text-left  wd-underline-colored\">\n\t\t\t\n\t\t\t<div class=\"liner-continer\">\n\t\t\t\t<h4 class=\"woodmart-title-container title  wd-font-weight-500 wd-fontsize-l\" >Nh\u00e0 x\u01b0\u1edfng<\/h4>\n\t\t\t\t\t\t\t<\/div>\n\t\t\t\n\t\t\t\n\t\t\t\n\t\t<\/div>\n\t\t\n\t\t[vc_row_inner][vc_column_inner]\t\t<div id=\"wd-6651753517ba0\" class=\"wd-text-block wd-wpb reset-last-child wd-rs-6651753517ba0 text-left wd-fontsize-custom vc_custom_1716614475114\">\n\t\t\t<h5 style=\"text-align: justify;\"><b>Nh\u00e0 m\u00e1y c\u1ee7a NTDecor \u1edf trung t\u00e2m Qu\u1eadn T\u00e2n Ph\u00fa, Th\u00e0nh ph\u1ed1 H\u1ed3 Ch\u00ed Minh v\u00e0 g\u1ea7n C\u00f4ng vi\u00ean \u0110\u1ea7m Sen.<\/b><\/h5>\n<p style=\"text-align: justify;\"><span style=\"color: #000000;\">Nh\u00e0 m\u00e1y s\u1eed d\u1ee5ng h\u01a1n 30 c\u00f4ng nh\u00e2n l\u00e0nh ngh\u1ec1. Ch\u00fang t\u00f4i c\u00f3 hai \u0111\u1ed9i S\u1ea3n xu\u1ea5t g\u1ed3m c\u00e1c k\u1ef9 thu\u1eadt vi\u00ean gi\u1ecfi v\u1edbi h\u01a1n 20 n\u0103m kinh nghi\u1ec7m, v\u00e0 ba \u0111\u1ed9i L\u1eafp \u0111\u1eb7t th\u1ef1c hi\u1ec7n vi\u1ec7c l\u1eafp r\u00e1p v\u00e0 l\u1eafp \u0111\u1eb7t c\u00e1c s\u1ea3n ph\u1ea9m cu\u1ed1i c\u00f9ng t\u1ea1i c\u01a1 s\u1edf c\u1ee7a kh\u00e1ch h\u00e0ng.<\/span><\/p>\n<p style=\"text-align: justify;\"><span style=\"color: #000000;\">Nh\u00e0 m\u00e1y \u0111\u01b0\u1ee3c trang b\u1ecb t\u1ed1t v\u1edbi m\u00e1y m\u00f3c hi\u1ec7n \u0111\u1ea1i.<\/span><\/p>\n<p style=\"text-align: justify;\"><span style=\"color: #000000;\">L\u00e0m vi\u1ec7c v\u1edbi NTDecor l\u00e0 b\u1ea1n \u0111ang giao d\u1ecbch tr\u1ef1c ti\u1ebfp v\u1edbi x\u01b0\u1edfng \u0111\u1ec3 c\u00f3 gi\u00e1 t\u1ed1t, h\u1ee3p l\u00fd.<\/span><\/p>\n\t\t<\/div>\n\t\t[\/vc_column_inner][\/vc_row_inner][\/vc_column][\/vc_row]<\/p>\n<\/div>","protected":false},"excerpt":{"rendered":"<p>[vc_row full_width=&#8221;stretch_row&#8221; equal_height=&#8221;yes&#8221; woodmart_stretch_content=&#8221;section-stretch-content&#8221; woodmart_css_id=&#8221;64379674a9699&#8243; responsive_spacing=&#8221;eyJwYXJhbV90eXBlIjoid29vZG1hcnRfcmVzcG9uc2l2ZV9zcGFjaW5nIiwic2VsZWN0b3JfaWQiOiI2NDM3OTY3NGE5Njk5Iiwic2hvcnRjb2RlIjoidmNfcm93IiwiZGF0YSI6eyJ0YWJsZXQiOnt9LCJtb2JpbGUiOnt9fX0=&#8221; mobile_bg_img_hidden=&#8221;no&#8221; tablet_bg_img_hidden=&#8221;no&#8221; woodmart_parallax=&#8221;0&#8243; woodmart_gradient_switch=&#8221;no&#8221; row_reverse_mobile=&#8221;0&#8243; row_reverse_tablet=&#8221;0&#8243; woodmart_disable_overflow=&#8221;0&#8243; woodmart_box_shadow=&#8221;no&#8221; wd_z_index=&#8221;no&#8221;][vc_column css=&#8221;.vc_custom_1681364287515{padding-top: 185px !important;padding-bottom: 185px !important;background-image:<\/p>\n","protected":false},"author":1,"featured_media":0,"parent":0,"menu_order":0,"comment_status":"closed","ping_status":"closed","template":"","meta":{"_acf_changed":false,"rs_blank_template":"","rs_page_bg_color":"","slide_template_v7":"","footnotes":""},"class_list":["post-7626","page","type-page","status-publish","hentry"],"acf":[],"_links":{"self":[{"href":"https:\/\/ntdecor.vn\/vi\/wp-json\/wp\/v2\/pages\/7626","targetHints":{"allow":["GET"]}}],"collection":[{"href":"https:\/\/ntdecor.vn\/vi\/wp-json\/wp\/v2\/pages"}],"about":[{"href":"https:\/\/ntdecor.vn\/vi\/wp-json\/wp\/v2\/types\/page"}],"author":[{"embeddable":true,"href":"https:\/\/ntdecor.vn\/vi\/wp-json\/wp\/v2\/users\/1"}],"replies":[{"embeddable":true,"href":"https:\/\/ntdecor.vn\/vi\/wp-json\/wp\/v2\/comments?post=7626"}],"version-history":[{"count":0,"href":"https:\/\/ntdecor.vn\/vi\/wp-json\/wp\/v2\/pages\/7626\/revisions"}],"wp:attachment":[{"href":"https:\/\/ntdecor.vn\/vi\/wp-json\/wp\/v2\/media?parent=7626"}],"curies":[{"name":"wp","href":"https:\/\/api.w.org\/{rel}","templated":true}]}}